{"id":129,"date":"2019-12-12T17:40:14","date_gmt":"2019-12-12T16:40:14","guid":{"rendered":"http:\/\/pavelpiran.com\/inquiry\/"},"modified":"2020-06-03T14:16:46","modified_gmt":"2020-06-03T13:16:46","slug":"inquiry","status":"publish","type":"page","link":"https:\/\/pavelpiran.com\/en\/inquiry\/","title":{"rendered":"Inquiry"},"content":{"rendered":"\n\t\t<h1>\n\t\t\tInquiry\n\t\t<\/h1>\n\t<h3><strong>LOCATION<\/strong><\/h3>\n<strong>RESTAURANT PAVEL\u00a0 PIRAN<\/strong><br \/>\nPre\u0161ernovo nabre\u017eje, Piran, Slovenia<br \/>\nTelephones: 00 386 5 674 71 01\n<strong>RESTAURANT PAVEL 2 PIRAN<\/strong><br \/>\nPre\u0161ernovo nabre\u017eje, Piran, Slovenia<br \/>\nTelephones: 00 386 5 674 71 02\n<h3><strong>E-MAIL<\/strong><\/h3>\n<p><a href=\"mailto:pavel.piran@siol.net\">pavel.piran@siol.net<\/a><\/p>\n<h3><strong>WORKING TIME:<\/strong><\/h3>\n<ul>\n<li><strong>Monday:<\/strong>\u00a011:00 &#8211; 23:00<\/li>\n<li><strong>Tuesday:<\/strong>\u00a011:00 &#8211; 23:00<\/li>\n<li><strong>Wednesday:<\/strong>\u00a011:00 &#8211; 23:00<\/li>\n<li><strong>Thursday:<\/strong>\u00a011:00 &#8211; 23:00<\/li>\n<li><strong>Friday:<\/strong>\u00a011:00 &#8211; 23:00<\/li>\n<li><strong>Saturday:<\/strong>\u00a011:00 &#8211; 23:00<\/li>\n<li><strong>Sunday:<\/strong>\u00a011:00 &#8211; 23:00<\/li>\n<\/ul>\n<p>&nbsp;<\/p>\n\t<h3>CONTACT \/ INQUIRY<\/h3>\n<form >\n    <h3>\n\t\t<\/h3>\n\t\n\t\t\n    \t\t<label for=\"pp-name-\">First and last name<\/label>\n    \t\tPlease enter your name.\n    \t\t<input type=\"text\" name=\"pp-name\" id=\"pp-name-\" value=\"\" placeholder=\"First and last name\"  \/>\n    \t\t<label for=\"pp-email-\">E-mail<\/label>\n    \t\tPlease enter a valid email.\n    \t\t<input type=\"email\" name=\"pp-email\" id=\"pp-email-\" value=\"\" placeholder=\"E-mail\"  \/>\n    \t\t<label for=\"pp-phone-\">Telephone<\/label>\n    \t\tPlease enter a valid phone number.\n    \t\t<input type=\"tel\" name=\"pp-phone\" id=\"pp-phone-\" value=\"\" placeholder=\"Telephone\"  \/>\n    \t\t<label for=\"pp-message-\">Message<\/label>\n    \t\tPlease enter a message.\n    \t\t<textarea name=\"pp-message\" id=\"pp-message-\" placeholder=\"Message\" ><\/textarea>\n    \t<a href=\"#\" target=\"_self\" role=\"button\" rel=\"noopener noreferrer\">\n    \t\t    \t\t    \t\tSEND\n    \t\t    \t\t    \t<\/a>\n\t\t\tMessage failed. Please try again.\n<\/form>\n   Thanks for the message, we&#8217;ll get back to you as soon as possible! \n\t\t\t\t<img src=\"http:\/\/pavelpiran.com\/wp-content\/uploads\/2019\/11\/a09d2911-f5c4-4951-9bfd-065cd16ec4cf.jpg\" alt=\"a09d2911-f5c4-4951-9bfd-065cd16ec4cf\" itemprop=\"image\" title=\"a09d2911-f5c4-4951-9bfd-065cd16ec4cf\" onerror=\"this.style.display='none'\"  \/>\n\t\t\t\t<img src=\"http:\/\/pavelpiran.com\/wp-content\/uploads\/2019\/11\/7225ebd9-ebd2-4f7b-b959-cdc8a02d2bee.jpg\" alt=\"7225ebd9-ebd2-4f7b-b959-cdc8a02d2bee\" itemprop=\"image\" title=\"7225ebd9-ebd2-4f7b-b959-cdc8a02d2bee\" onerror=\"this.style.display='none'\"  \/>\n\t<iframe src=\"https:\/\/www.google.com\/maps\/embed\/v1\/place?q=Pre%C5%A1ernovo+nabre%C5%BEje%2C+6330+Piran%2FPirano%2C+Slovenia&#038;key=AIzaSyD09zQ9PNDNNy9TadMuzRV_UsPUoWKntt8\" aria-hidden=\"true\"><\/iframe>\n\t\t<h2>Inquiry<\/h2>\n\t\tSend us a message and we will be happy to reply as soon as possible!\n\t\t\t<a href=\"http:\/\/pavelpiran.com\/povprasevanje\/\" target=\"_self\" role=\"button\" rel=\"noopener noreferrer\">\n\t\t\t\t\t\t\tInquiry\n\t\t\t\t\t<\/a>\n","protected":false},"excerpt":{"rendered":"<p>Inquiry LOCATION RESTAURANT PAVEL\u00a0 PIRAN Pre\u0161ernovo nabre\u017eje, Piran, Slovenia Telephones: 00 386 5 674 71 01 RESTAURANT PAVEL 2 PIRAN Pre\u0161ernovo nabre\u017eje, Piran, Slovenia Telephones: 00 386 5 674 71 02 E-MAIL pavel.piran@siol.net WORKING TIME: Monday:\u00a011:00 &#8211; 23:00 Tuesday:\u00a011:00 &#8211; 23:00 Wednesday:\u00a011:00 &#8211; 23:00 Thursday:\u00a011:00 &#8211; 23:00 Friday:\u00a011:00 &#8211; 23:00 Saturday:\u00a011:00 &#8211; 23:00 Sunday:\u00a011:00 &#8211;&hellip;<\/p>\n","protected":false},"author":1,"featured_media":0,"parent":0,"menu_order":0,"comment_status":"closed","ping_status":"closed","template":"","meta":[],"yoast_head":"<!-- This site is optimized with the Yoast SEO plugin v19.7.2 - https:\/\/yoast.com\/wordpress\/plugins\/seo\/ -->\n<title>Inquiry - Restavraciji PAVEL &amp; PAVEL 2<\/title>\n<meta name=\"robots\" content=\"index, follow, max-snippet:-1, max-image-preview:large, max-video-preview:-1\" \/>\n<link rel=\"canonical\" href=\"https:\/\/pavelpiran.com\/en\/inquiry\/\" \/>\n<meta property=\"og:locale\" content=\"en_US\" \/>\n<meta property=\"og:type\" content=\"article\" \/>\n<meta property=\"og:title\" content=\"Inquiry - Restavraciji PAVEL &amp; PAVEL 2\" \/>\n<meta property=\"og:description\" content=\"Inquiry LOCATION RESTAURANT PAVEL\u00a0 PIRAN Pre\u0161ernovo nabre\u017eje, Piran, Slovenia Telephones: 00 386 5 674 71 01 RESTAURANT PAVEL 2 PIRAN Pre\u0161ernovo nabre\u017eje, Piran, Slovenia Telephones: 00 386 5 674 71 02 E-MAIL pavel.piran@siol.net WORKING TIME: Monday:\u00a011:00 &#8211; 23:00 Tuesday:\u00a011:00 &#8211; 23:00 Wednesday:\u00a011:00 &#8211; 23:00 Thursday:\u00a011:00 &#8211; 23:00 Friday:\u00a011:00 &#8211; 23:00 Saturday:\u00a011:00 &#8211; 23:00 Sunday:\u00a011:00 &#8211;&hellip;\" \/>\n<meta property=\"og:url\" content=\"https:\/\/pavelpiran.com\/en\/inquiry\/\" \/>\n<meta property=\"og:site_name\" content=\"Restavraciji PAVEL &amp; PAVEL 2\" \/>\n<meta property=\"article:modified_time\" content=\"2020-06-03T13:16:46+00:00\" \/>\n<meta property=\"og:image\" content=\"http:\/\/pavelpiran.com\/wp-content\/uploads\/2019\/11\/a09d2911-f5c4-4951-9bfd-065cd16ec4cf.jpg\" \/>\n<meta name=\"twitter:card\" content=\"summary_large_image\" \/>\n<meta name=\"twitter:label1\" content=\"Est. reading time\" \/>\n\t<meta name=\"twitter:data1\" content=\"1 minute\" \/>\n<script type=\"application\/ld+json\" class=\"yoast-schema-graph\">{\"@context\":\"https:\/\/schema.org\",\"@graph\":[{\"@type\":\"WebPage\",\"@id\":\"https:\/\/pavelpiran.com\/en\/inquiry\/\",\"url\":\"https:\/\/pavelpiran.com\/en\/inquiry\/\",\"name\":\"Inquiry - Restavraciji PAVEL &amp; PAVEL 2\",\"isPartOf\":{\"@id\":\"https:\/\/pavelpiran.com\/#website\"},\"datePublished\":\"2019-12-12T16:40:14+00:00\",\"dateModified\":\"2020-06-03T13:16:46+00:00\",\"breadcrumb\":{\"@id\":\"https:\/\/pavelpiran.com\/en\/inquiry\/#breadcrumb\"},\"inLanguage\":\"en-US\",\"potentialAction\":[{\"@type\":\"ReadAction\",\"target\":[\"https:\/\/pavelpiran.com\/en\/inquiry\/\"]}]},{\"@type\":\"BreadcrumbList\",\"@id\":\"https:\/\/pavelpiran.com\/en\/inquiry\/#breadcrumb\",\"itemListElement\":[{\"@type\":\"ListItem\",\"position\":1,\"name\":\"Home\",\"item\":\"https:\/\/pavelpiran.com\/en\/\"},{\"@type\":\"ListItem\",\"position\":2,\"name\":\"Inquiry\"}]},{\"@type\":\"WebSite\",\"@id\":\"https:\/\/pavelpiran.com\/#website\",\"url\":\"https:\/\/pavelpiran.com\/\",\"name\":\"Restavraciji PAVEL &amp; PAVEL 2\",\"description\":\"\",\"potentialAction\":[{\"@type\":\"SearchAction\",\"target\":{\"@type\":\"EntryPoint\",\"urlTemplate\":\"https:\/\/pavelpiran.com\/?s={search_term_string}\"},\"query-input\":\"required name=search_term_string\"}],\"inLanguage\":\"en-US\"}]}<\/script>\n<!-- \/ Yoast SEO plugin. -->","yoast_head_json":{"title":"Inquiry - Restavraciji PAVEL &amp; PAVEL 2","robots":{"index":"index","follow":"follow","max-snippet":"max-snippet:-1","max-image-preview":"max-image-preview:large","max-video-preview":"max-video-preview:-1"},"canonical":"https:\/\/pavelpiran.com\/en\/inquiry\/","og_locale":"en_US","og_type":"article","og_title":"Inquiry - Restavraciji PAVEL &amp; PAVEL 2","og_description":"Inquiry LOCATION RESTAURANT PAVEL\u00a0 PIRAN Pre\u0161ernovo nabre\u017eje, Piran, Slovenia Telephones: 00 386 5 674 71 01 RESTAURANT PAVEL 2 PIRAN Pre\u0161ernovo nabre\u017eje, Piran, Slovenia Telephones: 00 386 5 674 71 02 E-MAIL pavel.piran@siol.net WORKING TIME: Monday:\u00a011:00 &#8211; 23:00 Tuesday:\u00a011:00 &#8211; 23:00 Wednesday:\u00a011:00 &#8211; 23:00 Thursday:\u00a011:00 &#8211; 23:00 Friday:\u00a011:00 &#8211; 23:00 Saturday:\u00a011:00 &#8211; 23:00 Sunday:\u00a011:00 &#8211;&hellip;","og_url":"https:\/\/pavelpiran.com\/en\/inquiry\/","og_site_name":"Restavraciji PAVEL &amp; PAVEL 2","article_modified_time":"2020-06-03T13:16:46+00:00","og_image":[{"url":"http:\/\/pavelpiran.com\/wp-content\/uploads\/2019\/11\/a09d2911-f5c4-4951-9bfd-065cd16ec4cf.jpg"}],"twitter_card":"summary_large_image","twitter_misc":{"Est. reading time":"1 minute"},"schema":{"@context":"https:\/\/schema.org","@graph":[{"@type":"WebPage","@id":"https:\/\/pavelpiran.com\/en\/inquiry\/","url":"https:\/\/pavelpiran.com\/en\/inquiry\/","name":"Inquiry - Restavraciji PAVEL &amp; PAVEL 2","isPartOf":{"@id":"https:\/\/pavelpiran.com\/#website"},"datePublished":"2019-12-12T16:40:14+00:00","dateModified":"2020-06-03T13:16:46+00:00","breadcrumb":{"@id":"https:\/\/pavelpiran.com\/en\/inquiry\/#breadcrumb"},"inLanguage":"en-US","potentialAction":[{"@type":"ReadAction","target":["https:\/\/pavelpiran.com\/en\/inquiry\/"]}]},{"@type":"BreadcrumbList","@id":"https:\/\/pavelpiran.com\/en\/inquiry\/#breadcrumb","itemListElement":[{"@type":"ListItem","position":1,"name":"Home","item":"https:\/\/pavelpiran.com\/en\/"},{"@type":"ListItem","position":2,"name":"Inquiry"}]},{"@type":"WebSite","@id":"https:\/\/pavelpiran.com\/#website","url":"https:\/\/pavelpiran.com\/","name":"Restavraciji PAVEL &amp; PAVEL 2","description":"","potentialAction":[{"@type":"SearchAction","target":{"@type":"EntryPoint","urlTemplate":"https:\/\/pavelpiran.com\/?s={search_term_string}"},"query-input":"required name=search_term_string"}],"inLanguage":"en-US"}]}},"_links":{"self":[{"href":"https:\/\/pavelpiran.com\/en\/wp-json\/wp\/v2\/pages\/129"}],"collection":[{"href":"https:\/\/pavelpiran.com\/en\/wp-json\/wp\/v2\/pages"}],"about":[{"href":"https:\/\/pavelpiran.com\/en\/wp-json\/wp\/v2\/types\/page"}],"author":[{"embeddable":true,"href":"https:\/\/pavelpiran.com\/en\/wp-json\/wp\/v2\/users\/1"}],"replies":[{"embeddable":true,"href":"https:\/\/pavelpiran.com\/en\/wp-json\/wp\/v2\/comments?post=129"}],"version-history":[{"count":5,"href":"https:\/\/pavelpiran.com\/en\/wp-json\/wp\/v2\/pages\/129\/revisions"}],"predecessor-version":[{"id":250,"href":"https:\/\/pavelpiran.com\/en\/wp-json\/wp\/v2\/pages\/129\/revisions\/250"}],"wp:attachment":[{"href":"https:\/\/pavelpiran.com\/en\/wp-json\/wp\/v2\/media?parent=129"}],"curies":[{"name":"wp","href":"https:\/\/api.w.org\/{rel}","templated":true}]}}