{"id":142,"date":"2019-12-12T18:17:24","date_gmt":"2019-12-12T17:17:24","guid":{"rendered":"http:\/\/pavelpiran.com\/heim\/"},"modified":"2020-07-23T11:17:49","modified_gmt":"2020-07-23T10:17:49","slug":"heim","status":"publish","type":"page","link":"https:\/\/pavelpiran.com\/de\/","title":{"rendered":"Heim"},"content":{"rendered":"\n\t\t<h1>\n\t\t\tRestaurants PAVEL &#038; PAVEL 2\n\t\t\t\t\t\t\t\t\t\t\tWir bieten Ihnen internationale K\u00fcche mit Betonung auf Meeresspezialit\u00e4ten: Fische, Hummer, Languste, Scampi, Muschel, Fisch Carpaccio, Tr\u00fcffel, etc. Ausgezeichnete Schoppenweine und Flaschenweine werden Ihren Besuch bereichern.\n\t\t<\/h1>\n\t<a \t\thref=\"http:\/\/pavelpiran.com\/de\/anfrage\/\" \n\t\ttarget=\"_self\" \n\t\tclass=\"pp-button\" \n\t\trole=\"button\" \n\t\t\t rel=\"noopener noreferrer\">\n\t\t\t\tAnfrage\n\t\t\t<\/a>\n\t\t\t\t\t\t\t\t\t\t<img src=\"http:\/\/pavelpiran.com\/wp-content\/uploads\/2019\/09\/672c523c-7766-49c2-abd9-5e017e0599a5.jpg\" alt=\"672c523c-7766-49c2-abd9-5e017e0599a5\" itemprop=\"image\"  \/>\n\t\t<h2>\n\t\t\tRESTAURANT PAVEL PIRAN\n\t\t<\/h2>\n\t\t\t<strong>Restaurant Pavel Piran<\/strong>\u00a0&#8211; wir befinden uns im wunderbaren, ummauerten Mediterraner St\u00e4dtchen Piran. Im Jahr 1692 wurde hier der ber\u00fchmte Geiger und Komponist Giuseppe Tartini geboren.\nAn der K\u00fcste von Piran in einmaliger N\u00e4he des Meeres befinden sich eins neben der anderen die zwei Familienrestaurants PAVEL in PAVEL 2.\nWir bieten Ihnen internationale K\u00fcche mit Betonung auf Meeresspezialit\u00e4ten: Fische, Hummer, Languste, Scampi, Muschel, Fisch Carpaccio, Tr\u00fcffel, etc. Ausgezeichnete Schoppenweine und Flaschenweine werden Ihren Besuch bereichern.\nStammg\u00e4ste erhalten die \u201d<strong>GUTE K\u00dcCHE CLUB<\/strong>\u201d Karte, mit welcher ein zus\u00e4tzlicher Nachlass gew\u00e4hrt werden kann.\nDer Spruch sagt, dass man bei Pavel immer Gutes zum essen bekommt.\nWir freuen uns schon auf Ihren Besuch! Restaurant Pavel Piran\t\t\n\t<a href=\"http:\/\/pavelpiran.com\/de\/ueber-uns\/\" target=\"_self\" class=\"pp-button broken_link\" role=\"button\" rel=\"noopener noreferrer\">\n\t\t\t\t\u00dcBER UNS\n\t\t\t<\/a>\n\t\t\t\t<a\n\t\t\thref=\"https:\/\/pavelpiran.com\/wp-content\/uploads\/2019\/09\/f1ceaace-8e1c-422a-91db-9b9dfc9c38a2-1024x555.jpg\"\n\t\t\t\t\t\trel=\"nofollow\" data-fancybox=\"images\" \n\t\t\ttitle=\"f1ceaace-8e1c-422a-91db-9b9dfc9c38a2\" \n\t\t\t\t\t\tdata-caption=\"\"\n\t\t\t\t\t\tdata-description=\"\" \n\t\t\titemprop=\"contentUrl\"\n\t\t>\n\t\t<img src=\"https:\/\/pavelpiran.com\/wp-content\/uploads\/2019\/09\/f1ceaace-8e1c-422a-91db-9b9dfc9c38a2.jpg\" alt=\"\" data-no-lazy=\"1\" itemprop=\"thumbnail\" \/>\n\t\t\t<!-- Overlay Wrapper -->\n\t\t\t <!-- Overlay Wrapper Closed -->\n\t\t\t\t<\/a>\n\t\t\t\t\t\t\t<meta itemprop=\"width\" content=\"1200\" \/>\n\t\t\t<meta itemprop=\"height\" content=\"650\" \/>\n\t\t\t\t<a\n\t\t\thref=\"https:\/\/pavelpiran.com\/wp-content\/uploads\/2019\/09\/ec96a3cd-b450-4769-8b1e-46734d382b47.jpg\"\n\t\t\t\t\t\trel=\"nofollow\" data-fancybox=\"images\" \n\t\t\ttitle=\"ec96a3cd-b450-4769-8b1e-46734d382b47\" \n\t\t\t\t\t\tdata-caption=\"\"\n\t\t\t\t\t\tdata-description=\"\" \n\t\t\titemprop=\"contentUrl\"\n\t\t>\n\t\t<img src=\"https:\/\/pavelpiran.com\/wp-content\/uploads\/2019\/09\/ec96a3cd-b450-4769-8b1e-46734d382b47.jpg\" alt=\"\" data-no-lazy=\"1\" itemprop=\"thumbnail\" \/>\n\t\t\t<!-- Overlay Wrapper -->\n\t\t\t <!-- Overlay Wrapper Closed -->\n\t\t\t\t<\/a>\n\t\t\t\t\t\t\t<meta itemprop=\"width\" content=\"440\" \/>\n\t\t\t<meta itemprop=\"height\" content=\"330\" \/>\n\t\t\t\t<a\n\t\t\thref=\"https:\/\/pavelpiran.com\/wp-content\/uploads\/2019\/09\/dccca601-1093-4ab2-9901-1e93caab8edc.png\"\n\t\t\t\t\t\trel=\"nofollow\" data-fancybox=\"images\" \n\t\t\ttitle=\"dccca601-1093-4ab2-9901-1e93caab8edc\" \n\t\t\t\t\t\tdata-caption=\"\"\n\t\t\t\t\t\tdata-description=\"\" \n\t\t\titemprop=\"contentUrl\"\n\t\t>\n\t\t<img src=\"https:\/\/pavelpiran.com\/wp-content\/uploads\/2019\/09\/dccca601-1093-4ab2-9901-1e93caab8edc.png\" alt=\"\" data-no-lazy=\"1\" itemprop=\"thumbnail\" \/>\n\t\t\t<!-- Overlay Wrapper -->\n\t\t\t <!-- Overlay Wrapper Closed -->\n\t\t\t\t<\/a>\n\t\t\t\t\t\t\t<meta itemprop=\"width\" content=\"910\" \/>\n\t\t\t<meta itemprop=\"height\" content=\"392\" \/>\n\t\t\t\t<a\n\t\t\thref=\"https:\/\/pavelpiran.com\/wp-content\/uploads\/2019\/09\/c56c9d35-a515-4765-8917-793e063b69b3.jpg\"\n\t\t\t\t\t\trel=\"nofollow\" data-fancybox=\"images\" \n\t\t\ttitle=\"c56c9d35-a515-4765-8917-793e063b69b3\" \n\t\t\t\t\t\tdata-caption=\"\"\n\t\t\t\t\t\tdata-description=\"\" \n\t\t\titemprop=\"contentUrl\"\n\t\t>\n\t\t<img src=\"https:\/\/pavelpiran.com\/wp-content\/uploads\/2019\/09\/c56c9d35-a515-4765-8917-793e063b69b3.jpg\" alt=\"\" data-no-lazy=\"1\" itemprop=\"thumbnail\" \/>\n\t\t\t<!-- Overlay Wrapper -->\n\t\t\t <!-- Overlay Wrapper Closed -->\n\t\t\t\t<\/a>\n\t\t\t\t\t\t\t<meta itemprop=\"width\" content=\"799\" \/>\n\t\t\t<meta itemprop=\"height\" content=\"600\" \/>\n\t\t\t\t<a\n\t\t\thref=\"https:\/\/pavelpiran.com\/wp-content\/uploads\/2019\/09\/b4d698a7-c1e3-4c8b-a0c4-fb9011dc95bd.jpg\"\n\t\t\t\t\t\trel=\"nofollow\" data-fancybox=\"images\" \n\t\t\ttitle=\"b4d698a7-c1e3-4c8b-a0c4-fb9011dc95bd\" \n\t\t\t\t\t\tdata-caption=\"\"\n\t\t\t\t\t\tdata-description=\"\" \n\t\t\titemprop=\"contentUrl\"\n\t\t>\n\t\t<img src=\"https:\/\/pavelpiran.com\/wp-content\/uploads\/2019\/09\/b4d698a7-c1e3-4c8b-a0c4-fb9011dc95bd.jpg\" alt=\"\" data-no-lazy=\"1\" itemprop=\"thumbnail\" \/>\n\t\t\t<!-- Overlay Wrapper -->\n\t\t\t <!-- Overlay Wrapper Closed -->\n\t\t\t\t<\/a>\n\t\t\t\t\t\t\t<meta itemprop=\"width\" content=\"440\" \/>\n\t\t\t<meta itemprop=\"height\" content=\"330\" \/>\n\t\t\t\t<a\n\t\t\thref=\"https:\/\/pavelpiran.com\/wp-content\/uploads\/2019\/09\/b24612ae-466b-4876-88c8-622e28a6858d.jpg\"\n\t\t\t\t\t\trel=\"nofollow\" data-fancybox=\"images\" \n\t\t\ttitle=\"b24612ae-466b-4876-88c8-622e28a6858d\" \n\t\t\t\t\t\tdata-caption=\"\"\n\t\t\t\t\t\tdata-description=\"\" \n\t\t\titemprop=\"contentUrl\"\n\t\t>\n\t\t<img src=\"https:\/\/pavelpiran.com\/wp-content\/uploads\/2019\/09\/b24612ae-466b-4876-88c8-622e28a6858d.jpg\" alt=\"\" data-no-lazy=\"1\" itemprop=\"thumbnail\" \/>\n\t\t\t<!-- Overlay Wrapper -->\n\t\t\t <!-- Overlay Wrapper Closed -->\n\t\t\t\t<\/a>\n\t\t\t\t\t\t\t<meta itemprop=\"width\" content=\"799\" \/>\n\t\t\t<meta itemprop=\"height\" content=\"600\" \/>\n\t\t\t\t<a\n\t\t\thref=\"https:\/\/pavelpiran.com\/wp-content\/uploads\/2019\/09\/abfa4971-cafd-4fc4-9c8a-4f3423e1cb8c.jpg\"\n\t\t\t\t\t\trel=\"nofollow\" data-fancybox=\"images\" \n\t\t\ttitle=\"abfa4971-cafd-4fc4-9c8a-4f3423e1cb8c\" \n\t\t\t\t\t\tdata-caption=\"\"\n\t\t\t\t\t\tdata-description=\"\" \n\t\t\titemprop=\"contentUrl\"\n\t\t>\n\t\t<img src=\"https:\/\/pavelpiran.com\/wp-content\/uploads\/2019\/09\/abfa4971-cafd-4fc4-9c8a-4f3423e1cb8c.jpg\" alt=\"\" data-no-lazy=\"1\" itemprop=\"thumbnail\" \/>\n\t\t\t<!-- Overlay Wrapper -->\n\t\t\t <!-- Overlay Wrapper Closed -->\n\t\t\t\t<\/a>\n\t\t\t\t\t\t\t<meta itemprop=\"width\" content=\"393\" \/>\n\t\t\t<meta itemprop=\"height\" content=\"295\" \/>\n\t\t\t\t<a\n\t\t\thref=\"https:\/\/pavelpiran.com\/wp-content\/uploads\/2019\/09\/672c523c-7766-49c2-abd9-5e017e0599a5.jpg\"\n\t\t\t\t\t\trel=\"nofollow\" data-fancybox=\"images\" \n\t\t\ttitle=\"672c523c-7766-49c2-abd9-5e017e0599a5\" \n\t\t\t\t\t\tdata-caption=\"\"\n\t\t\t\t\t\tdata-description=\"\" \n\t\t\titemprop=\"contentUrl\"\n\t\t>\n\t\t<img src=\"https:\/\/pavelpiran.com\/wp-content\/uploads\/2019\/09\/672c523c-7766-49c2-abd9-5e017e0599a5.jpg\" alt=\"\" data-no-lazy=\"1\" itemprop=\"thumbnail\" \/>\n\t\t\t<!-- Overlay Wrapper -->\n\t\t\t <!-- Overlay Wrapper Closed -->\n\t\t\t\t<\/a>\n\t\t\t\t\t\t\t<meta itemprop=\"width\" content=\"440\" \/>\n\t\t\t<meta itemprop=\"height\" content=\"330\" \/>\n\t\t\t\t<a\n\t\t\thref=\"https:\/\/pavelpiran.com\/wp-content\/uploads\/2019\/09\/4ff3afbc-412a-412e-8330-c89b16a155ed.jpg\"\n\t\t\t\t\t\trel=\"nofollow\" data-fancybox=\"images\" \n\t\t\ttitle=\"4ff3afbc-412a-412e-8330-c89b16a155ed\" \n\t\t\t\t\t\tdata-caption=\"\"\n\t\t\t\t\t\tdata-description=\"\" \n\t\t\titemprop=\"contentUrl\"\n\t\t>\n\t\t<img src=\"https:\/\/pavelpiran.com\/wp-content\/uploads\/2019\/09\/4ff3afbc-412a-412e-8330-c89b16a155ed.jpg\" alt=\"\" data-no-lazy=\"1\" itemprop=\"thumbnail\" \/>\n\t\t\t<!-- Overlay Wrapper -->\n\t\t\t <!-- Overlay Wrapper Closed -->\n\t\t\t\t<\/a>\n\t\t\t\t\t\t\t<meta itemprop=\"width\" content=\"440\" \/>\n\t\t\t<meta itemprop=\"height\" content=\"330\" \/>\n\t\t\t\t<a\n\t\t\thref=\"https:\/\/pavelpiran.com\/wp-content\/uploads\/2019\/09\/48c5aee6-82f4-488e-b22a-95dc89b37f1d.jpg\"\n\t\t\t\t\t\trel=\"nofollow\" data-fancybox=\"images\" \n\t\t\ttitle=\"48c5aee6-82f4-488e-b22a-95dc89b37f1d\" \n\t\t\t\t\t\tdata-caption=\"\"\n\t\t\t\t\t\tdata-description=\"\" \n\t\t\titemprop=\"contentUrl\"\n\t\t>\n\t\t<img src=\"https:\/\/pavelpiran.com\/wp-content\/uploads\/2019\/09\/48c5aee6-82f4-488e-b22a-95dc89b37f1d.jpg\" alt=\"\" data-no-lazy=\"1\" itemprop=\"thumbnail\" \/>\n\t\t\t<!-- Overlay Wrapper -->\n\t\t\t <!-- Overlay Wrapper Closed -->\n\t\t\t\t<\/a>\n\t\t\t\t\t\t\t<meta itemprop=\"width\" content=\"440\" \/>\n\t\t\t<meta itemprop=\"height\" content=\"330\" \/>\n\t\t\t\t<a\n\t\t\thref=\"https:\/\/pavelpiran.com\/wp-content\/uploads\/2019\/09\/53b912e7-d7d0-4692-b289-faf194c2e2c7.jpg\"\n\t\t\t\t\t\trel=\"nofollow\" data-fancybox=\"images\" \n\t\t\ttitle=\"53b912e7-d7d0-4692-b289-faf194c2e2c7\" \n\t\t\t\t\t\tdata-caption=\"\"\n\t\t\t\t\t\tdata-description=\"\" \n\t\t\titemprop=\"contentUrl\"\n\t\t>\n\t\t<img src=\"https:\/\/pavelpiran.com\/wp-content\/uploads\/2019\/09\/53b912e7-d7d0-4692-b289-faf194c2e2c7.jpg\" alt=\"\" data-no-lazy=\"1\" itemprop=\"thumbnail\" \/>\n\t\t\t<!-- Overlay Wrapper -->\n\t\t\t <!-- Overlay Wrapper Closed -->\n\t\t\t\t<\/a>\n\t\t\t\t\t\t\t<meta itemprop=\"width\" content=\"960\" \/>\n\t\t\t<meta itemprop=\"height\" content=\"720\" \/>\n\t\t<h2>Anfrage<\/h2>\n\t\t<p>Senden Sie uns eine Nachricht, und wir werden so schnell wie m\u00f6glich antworten! <\/p>\n\t\t\t<a href=\"http:\/\/pavelpiran.com\/de\/anfrage\/\" target=\"_self\" role=\"button\" rel=\"noopener noreferrer\">\n\t\t\t\t\t\t\tNachfrage\n\t\t\t\t\t<\/a>\n\t\t<h2>\n\t\t\tANGEBOT\n\t\t<\/h2>\n\t\t\tMuscheln, Garnelen, Hummer, Tr\u00fcffel\n\t\t\t\t\t\t<a href=\"#\" target=\"_self\" role=\"button\" rel=\"noopener noreferrer\">\n\t\t\t\t\t\t\t<\/a>\n\t\t\tFISCHE, GARNELEN, RAROGGEN\n\t\t\t\t\t\t<a href=\"\/?page_id=10\" target=\"_self\" role=\"button\" rel=\"noopener noreferrer\">\n\t\t\t\tANFRAGE\t\t\t<\/a>\n\t\t\tAUSGEZEICHNETE OFFENE UND FLASCHENWEINE\n\t\t\t\t\t\t<a href=\"#\" target=\"_self\" role=\"button\" rel=\"noopener noreferrer\">\n\t\t\t\t\t\t\t<\/a>\n\t\t<h2>\n\t\t\tNachrichten\n\t\t<\/h2>\n\t\t<p>Wir konnten keine Datens\u00e4tze finden<\/p>\n\t\t\t\t<form aria-label=\"Search\" method=\"get\" role=\"search\" action=\"https:\/\/pavelpiran.com\/de\/\" title=\"Suchbegriff hier eingeben ...\">\n\t<input aria-label=\"Search\" type=\"search\" name=\"s\" value=\"Suche\" onfocus=\"if (this.value === 'Suche') { this.value = ''; }\" onblur=\"if (this.value === '') this.value='Suche';\" \/>\n<\/form>\n\t\t<h2>\n\t\t\tKONTAKT\n\t\t<\/h2>\n<form >\n    <h3>\n\t\t<\/h3>\n\t\n\t\t\n    \t\t<label for=\"pp-name-\">Vor- und Nachname<\/label>\n    \t\tBitte gib Deinen Namen ein.\n    \t\t<input type=\"text\" name=\"pp-name\" id=\"pp-name-\" value=\"\" placeholder=\"Vor- und Nachname\"  \/>\n    \t\t<label for=\"pp-email-\">E-mail<\/label>\n    \t\tBitte gib eine g\u00fcltige E-Mail Adresse ein.\n    \t\t<input type=\"email\" name=\"pp-email\" id=\"pp-email-\" value=\"\" placeholder=\"E-mail\"  \/>\n    \t\t<label for=\"pp-phone-\">Telefon<\/label>\n    \t\tBitte gib eine g\u00fcltige Telefonnummer an.\n    \t\t<input type=\"tel\" name=\"pp-phone\" id=\"pp-phone-\" value=\"\" placeholder=\"Telefon\"  \/>\n    \t\t<label for=\"pp-message-\">Die Nachricht<\/label>\n    \t\tBitte eine Nachricht eingeben.\n    \t\t<textarea name=\"pp-message\" id=\"pp-message-\" placeholder=\"Die Nachricht\" ><\/textarea>\n    \t<a href=\"#\" target=\"_self\" role=\"button\" rel=\"noopener noreferrer\">\n    \t\t    \t\t    \t\tSENDEN\n    \t\t    \t\t    \t<\/a>\n\t\t\tMessage failed. Please try again.\n<\/form>\n   Vielen Dank f\u00fcr die Nachricht, wir werden uns so schnell wie m\u00f6glich bei Ihnen melden! <\/ p>\n\t<iframe src=\"https:\/\/www.google.com\/maps\/embed\/v1\/place?q=Pre%C5%A1ernovo+nabre%C5%BEje%2C+6330+Piran%2C+Slovenija&#038;key=AIzaSyD09zQ9PNDNNy9TadMuzRV_UsPUoWKntt8\" aria-hidden=\"true\"><\/iframe>\n","protected":false},"excerpt":{"rendered":"<p>Restaurants PAVEL &#038; PAVEL 2 Wir bieten Ihnen internationale K\u00fcche mit Betonung auf Meeresspezialit\u00e4ten: Fische, Hummer, Languste, Scampi, Muschel, Fisch Carpaccio, Tr\u00fcffel, etc. Ausgezeichnete Schoppenweine und Flaschenweine werden Ihren Besuch bereichern. Anfrage RESTAURANT PAVEL PIRAN Restaurant Pavel Piran\u00a0&#8211; wir befinden uns im wunderbaren, ummauerten Mediterraner St\u00e4dtchen Piran. Im Jahr 1692 wurde hier der ber\u00fchmte Geiger&hellip;<\/p>\n","protected":false},"author":1,"featured_media":0,"parent":0,"menu_order":0,"comment_status":"closed","ping_status":"closed","template":"","meta":[],"yoast_head":"<!-- This site is optimized with the Yoast SEO plugin v19.7.2 - https:\/\/yoast.com\/wordpress\/plugins\/seo\/ -->\n<title>Heim - Restavraciji PAVEL &amp; PAVEL 2<\/title>\n<meta name=\"robots\" content=\"index, follow, max-snippet:-1, max-image-preview:large, max-video-preview:-1\" \/>\n<link rel=\"canonical\" href=\"https:\/\/pavelpiran.com\/de\/\" \/>\n<meta property=\"og:locale\" content=\"de_DE\" \/>\n<meta property=\"og:type\" content=\"article\" \/>\n<meta property=\"og:title\" content=\"Heim - Restavraciji PAVEL &amp; PAVEL 2\" \/>\n<meta property=\"og:description\" content=\"Restaurants PAVEL &#038; PAVEL 2 Wir bieten Ihnen internationale K\u00fcche mit Betonung auf Meeresspezialit\u00e4ten: Fische, Hummer, Languste, Scampi, Muschel, Fisch Carpaccio, Tr\u00fcffel, etc. Ausgezeichnete Schoppenweine und Flaschenweine werden Ihren Besuch bereichern. Anfrage RESTAURANT PAVEL PIRAN Restaurant Pavel Piran\u00a0&#8211; wir befinden uns im wunderbaren, ummauerten Mediterraner St\u00e4dtchen Piran. Im Jahr 1692 wurde hier der ber\u00fchmte Geiger&hellip;\" \/>\n<meta property=\"og:url\" content=\"https:\/\/pavelpiran.com\/de\/\" \/>\n<meta property=\"og:site_name\" content=\"Restavraciji PAVEL &amp; PAVEL 2\" \/>\n<meta property=\"article:modified_time\" content=\"2020-07-23T10:17:49+00:00\" \/>\n<meta property=\"og:image\" content=\"http:\/\/pavelpiran.com\/wp-content\/uploads\/2019\/09\/672c523c-7766-49c2-abd9-5e017e0599a5.jpg\" \/>\n<meta name=\"twitter:card\" content=\"summary_large_image\" \/>\n<meta name=\"twitter:label1\" content=\"Gesch\u00e4tzte Lesezeit\" \/>\n\t<meta name=\"twitter:data1\" content=\"1 Minute\" \/>\n<script type=\"application\/ld+json\" class=\"yoast-schema-graph\">{\"@context\":\"https:\/\/schema.org\",\"@graph\":[{\"@type\":\"WebPage\",\"@id\":\"https:\/\/pavelpiran.com\/de\/\",\"url\":\"https:\/\/pavelpiran.com\/de\/\",\"name\":\"Heim - Restavraciji PAVEL &amp; PAVEL 2\",\"isPartOf\":{\"@id\":\"https:\/\/pavelpiran.com\/#website\"},\"datePublished\":\"2019-12-12T17:17:24+00:00\",\"dateModified\":\"2020-07-23T10:17:49+00:00\",\"breadcrumb\":{\"@id\":\"https:\/\/pavelpiran.com\/de\/#breadcrumb\"},\"inLanguage\":\"de-DE\",\"potentialAction\":[{\"@type\":\"ReadAction\",\"target\":[\"https:\/\/pavelpiran.com\/de\/\"]}]},{\"@type\":\"BreadcrumbList\",\"@id\":\"https:\/\/pavelpiran.com\/de\/#breadcrumb\",\"itemListElement\":[{\"@type\":\"ListItem\",\"position\":1,\"name\":\"Home\",\"item\":\"https:\/\/pavelpiran.com\/de\/\"},{\"@type\":\"ListItem\",\"position\":2,\"name\":\"Heim\"}]},{\"@type\":\"WebSite\",\"@id\":\"https:\/\/pavelpiran.com\/#website\",\"url\":\"https:\/\/pavelpiran.com\/\",\"name\":\"Restavraciji PAVEL &amp; PAVEL 2\",\"description\":\"\",\"potentialAction\":[{\"@type\":\"SearchAction\",\"target\":{\"@type\":\"EntryPoint\",\"urlTemplate\":\"https:\/\/pavelpiran.com\/?s={search_term_string}\"},\"query-input\":\"required name=search_term_string\"}],\"inLanguage\":\"de-DE\"}]}<\/script>\n<!-- \/ Yoast SEO plugin. -->","yoast_head_json":{"title":"Heim - Restavraciji PAVEL &amp; PAVEL 2","robots":{"index":"index","follow":"follow","max-snippet":"max-snippet:-1","max-image-preview":"max-image-preview:large","max-video-preview":"max-video-preview:-1"},"canonical":"https:\/\/pavelpiran.com\/de\/","og_locale":"de_DE","og_type":"article","og_title":"Heim - Restavraciji PAVEL &amp; PAVEL 2","og_description":"Restaurants PAVEL &#038; PAVEL 2 Wir bieten Ihnen internationale K\u00fcche mit Betonung auf Meeresspezialit\u00e4ten: Fische, Hummer, Languste, Scampi, Muschel, Fisch Carpaccio, Tr\u00fcffel, etc. Ausgezeichnete Schoppenweine und Flaschenweine werden Ihren Besuch bereichern. Anfrage RESTAURANT PAVEL PIRAN Restaurant Pavel Piran\u00a0&#8211; wir befinden uns im wunderbaren, ummauerten Mediterraner St\u00e4dtchen Piran. Im Jahr 1692 wurde hier der ber\u00fchmte Geiger&hellip;","og_url":"https:\/\/pavelpiran.com\/de\/","og_site_name":"Restavraciji PAVEL &amp; PAVEL 2","article_modified_time":"2020-07-23T10:17:49+00:00","og_image":[{"url":"http:\/\/pavelpiran.com\/wp-content\/uploads\/2019\/09\/672c523c-7766-49c2-abd9-5e017e0599a5.jpg"}],"twitter_card":"summary_large_image","twitter_misc":{"Gesch\u00e4tzte Lesezeit":"1 Minute"},"schema":{"@context":"https:\/\/schema.org","@graph":[{"@type":"WebPage","@id":"https:\/\/pavelpiran.com\/de\/","url":"https:\/\/pavelpiran.com\/de\/","name":"Heim - Restavraciji PAVEL &amp; PAVEL 2","isPartOf":{"@id":"https:\/\/pavelpiran.com\/#website"},"datePublished":"2019-12-12T17:17:24+00:00","dateModified":"2020-07-23T10:17:49+00:00","breadcrumb":{"@id":"https:\/\/pavelpiran.com\/de\/#breadcrumb"},"inLanguage":"de-DE","potentialAction":[{"@type":"ReadAction","target":["https:\/\/pavelpiran.com\/de\/"]}]},{"@type":"BreadcrumbList","@id":"https:\/\/pavelpiran.com\/de\/#breadcrumb","itemListElement":[{"@type":"ListItem","position":1,"name":"Home","item":"https:\/\/pavelpiran.com\/de\/"},{"@type":"ListItem","position":2,"name":"Heim"}]},{"@type":"WebSite","@id":"https:\/\/pavelpiran.com\/#website","url":"https:\/\/pavelpiran.com\/","name":"Restavraciji PAVEL &amp; PAVEL 2","description":"","potentialAction":[{"@type":"SearchAction","target":{"@type":"EntryPoint","urlTemplate":"https:\/\/pavelpiran.com\/?s={search_term_string}"},"query-input":"required name=search_term_string"}],"inLanguage":"de-DE"}]}},"_links":{"self":[{"href":"https:\/\/pavelpiran.com\/de\/wp-json\/wp\/v2\/pages\/142"}],"collection":[{"href":"https:\/\/pavelpiran.com\/de\/wp-json\/wp\/v2\/pages"}],"about":[{"href":"https:\/\/pavelpiran.com\/de\/wp-json\/wp\/v2\/types\/page"}],"author":[{"embeddable":true,"href":"https:\/\/pavelpiran.com\/de\/wp-json\/wp\/v2\/users\/1"}],"replies":[{"embeddable":true,"href":"https:\/\/pavelpiran.com\/de\/wp-json\/wp\/v2\/comments?post=142"}],"version-history":[{"count":5,"href":"https:\/\/pavelpiran.com\/de\/wp-json\/wp\/v2\/pages\/142\/revisions"}],"predecessor-version":[{"id":261,"href":"https:\/\/pavelpiran.com\/de\/wp-json\/wp\/v2\/pages\/142\/revisions\/261"}],"wp:attachment":[{"href":"https:\/\/pavelpiran.com\/de\/wp-json\/wp\/v2\/media?parent=142"}],"curies":[{"name":"wp","href":"https:\/\/api.w.org\/{rel}","templated":true}]}}