{"id":137,"date":"2019-12-12T18:13:20","date_gmt":"2019-12-12T17:13:20","guid":{"rendered":"http:\/\/pavelpiran.com\/ueber-uns\/"},"modified":"2020-07-23T11:17:20","modified_gmt":"2020-07-23T10:17:20","slug":"uber-uns","status":"publish","type":"page","link":"https:\/\/pavelpiran.com\/de\/uber-uns\/","title":{"rendered":"\u00dcber uns"},"content":{"rendered":"\n\t\t<h1>\n\t\t\t\u00dcber uns\n\t\t<\/h1>\n\t<h3>Restaurant Pavel<\/h3>\n<strong>Restaurant Pavel Piran<\/strong>\u00a0&#8211; wir befinden uns im wunderbaren, ummauerten Mediterraner St\u00e4dtchen Piran. Im Jahr 1692 wurde hier der ber\u00fchmte Geiger und Komponist Giuseppe Tartini geboren.<br \/>\nAn der K\u00fcste von Piran in einmaliger N\u00e4he des Meeres befinden sich eins neben der anderen die zwei Familienrestaurants PAVEL in PAVEL 2.\n<p>Wir bieten Ihnen internationale K\u00fcche mit Betonung auf Meeresspezialit\u00e4ten: Fische, Hummer, Languste, Scampi, Muschel, Fisch Carpaccio, Tr\u00fcffel, etc. Ausgezeichnete Schoppenweine und Flaschenweine werden Ihren Besuch bereichern.<\/p>\n<p>Stammg\u00e4ste erhalten die \u201d<strong>GUTE K\u00dcCHE CLUB<\/strong>\u201d Karte, mit welcher ein zus\u00e4tzlicher Nachlass gew\u00e4hrt werden kann.<\/p>\n<p>Der Spruch sagt, dass man bei Pavel immer Gutes zum essen bekommt.<\/p>\n<p>Wir freuen uns schon auf Ihren Besuch! Restaurant Pavel Piran.<\/p>\n\t\t\t\t<a\n\t\t\thref=\"https:\/\/pavelpiran.com\/wp-content\/uploads\/2019\/09\/b24612ae-466b-4876-88c8-622e28a6858d.jpg\"\n\t\t\t\t\t\trel=\"nofollow\" data-fancybox=\"images\" \n\t\t\ttitle=\"b24612ae-466b-4876-88c8-622e28a6858d\" \n\t\t\t\t\t\tdata-caption=\"\"\n\t\t\t\t\t\tdata-description=\"\" \n\t\t\titemprop=\"contentUrl\"\n\t\t>\n\t\t<img src=\"https:\/\/pavelpiran.com\/wp-content\/uploads\/2019\/09\/b24612ae-466b-4876-88c8-622e28a6858d.jpg\" alt=\"\" data-no-lazy=\"1\" itemprop=\"thumbnail\" \/>\n\t\t\t<!-- Overlay Wrapper -->\n\t\t\t <!-- Overlay Wrapper Closed -->\n\t\t\t\t<\/a>\n\t\t\t\t\t\t\t<meta itemprop=\"width\" content=\"799\" \/>\n\t\t\t<meta itemprop=\"height\" content=\"600\" \/>\n\t\t\t\t<a\n\t\t\thref=\"https:\/\/pavelpiran.com\/wp-content\/uploads\/2019\/11\/7225ebd9-ebd2-4f7b-b959-cdc8a02d2bee.jpg\"\n\t\t\t\t\t\trel=\"nofollow\" data-fancybox=\"images\" \n\t\t\ttitle=\"7225ebd9-ebd2-4f7b-b959-cdc8a02d2bee\" \n\t\t\t\t\t\tdata-caption=\"\"\n\t\t\t\t\t\tdata-description=\"\" \n\t\t\titemprop=\"contentUrl\"\n\t\t>\n\t\t<img src=\"https:\/\/pavelpiran.com\/wp-content\/uploads\/2019\/11\/7225ebd9-ebd2-4f7b-b959-cdc8a02d2bee.jpg\" alt=\"\" data-no-lazy=\"1\" itemprop=\"thumbnail\" \/>\n\t\t\t<!-- Overlay Wrapper -->\n\t\t\t <!-- Overlay Wrapper Closed -->\n\t\t\t\t<\/a>\n\t\t\t\t\t\t\t<meta itemprop=\"width\" content=\"440\" \/>\n\t\t\t<meta itemprop=\"height\" content=\"330\" \/>\n\t\t\t\t<a\n\t\t\thref=\"https:\/\/pavelpiran.com\/wp-content\/uploads\/2019\/09\/672c523c-7766-49c2-abd9-5e017e0599a5.jpg\"\n\t\t\t\t\t\trel=\"nofollow\" data-fancybox=\"images\" \n\t\t\ttitle=\"672c523c-7766-49c2-abd9-5e017e0599a5\" \n\t\t\t\t\t\tdata-caption=\"\"\n\t\t\t\t\t\tdata-description=\"\" \n\t\t\titemprop=\"contentUrl\"\n\t\t>\n\t\t<img src=\"https:\/\/pavelpiran.com\/wp-content\/uploads\/2019\/09\/672c523c-7766-49c2-abd9-5e017e0599a5.jpg\" alt=\"\" data-no-lazy=\"1\" itemprop=\"thumbnail\" \/>\n\t\t\t<!-- Overlay Wrapper -->\n\t\t\t <!-- Overlay Wrapper Closed -->\n\t\t\t\t<\/a>\n\t\t\t\t\t\t\t<meta itemprop=\"width\" content=\"440\" \/>\n\t\t\t<meta itemprop=\"height\" content=\"330\" \/>\n\t\t\t\t<a\n\t\t\thref=\"https:\/\/pavelpiran.com\/wp-content\/uploads\/2019\/11\/171f29de-7f77-4b00-9f2b-44e844278421.jpg\"\n\t\t\t\t\t\trel=\"nofollow\" data-fancybox=\"images\" \n\t\t\ttitle=\"171f29de-7f77-4b00-9f2b-44e844278421\" \n\t\t\t\t\t\tdata-caption=\"\"\n\t\t\t\t\t\tdata-description=\"\" \n\t\t\titemprop=\"contentUrl\"\n\t\t>\n\t\t<img src=\"https:\/\/pavelpiran.com\/wp-content\/uploads\/2019\/11\/171f29de-7f77-4b00-9f2b-44e844278421.jpg\" alt=\"\" data-no-lazy=\"1\" itemprop=\"thumbnail\" \/>\n\t\t\t<!-- Overlay Wrapper -->\n\t\t\t <!-- Overlay Wrapper Closed -->\n\t\t\t\t<\/a>\n\t\t\t\t\t\t\t<meta itemprop=\"width\" content=\"440\" \/>\n\t\t\t<meta itemprop=\"height\" content=\"330\" \/>\n\t<iframe src=\"https:\/\/www.google.com\/maps\/embed\/v1\/place?q=Pre%C5%A1ernovo+nabre%C5%BEje%2C+6330+Piran%2C+Slowenien&#038;key=AIzaSyD09zQ9PNDNNy9TadMuzRV_UsPUoWKntt8\" aria-hidden=\"true\"><\/iframe>\n\t\t<h2>Anfrage<\/h2>\n\t\tSenden Sie uns eine Nachricht und wir werden Ihnen so schnell wie m\u00f6glich antworten!\n\t\t\t<a href=\"http:\/\/pavelpiran.com\/povprasevanje\/\" target=\"_self\" role=\"button\" rel=\"noopener noreferrer\">\n\t\t\t\t\t\t\tAnfrage\n\t\t\t\t\t<\/a>\n","protected":false},"excerpt":{"rendered":"<p>\u00dcber uns Restaurant Pavel Restaurant Pavel Piran\u00a0&#8211; wir befinden uns im wunderbaren, ummauerten Mediterraner St\u00e4dtchen Piran. Im Jahr 1692 wurde hier der ber\u00fchmte Geiger und Komponist Giuseppe Tartini geboren. An der K\u00fcste von Piran in einmaliger N\u00e4he des Meeres befinden sich eins neben der anderen die zwei Familienrestaurants PAVEL in PAVEL 2. Wir bieten Ihnen&hellip;<\/p>\n","protected":false},"author":1,"featured_media":0,"parent":0,"menu_order":0,"comment_status":"closed","ping_status":"closed","template":"","meta":[],"yoast_head":"<!-- This site is optimized with the Yoast SEO plugin v19.7.2 - https:\/\/yoast.com\/wordpress\/plugins\/seo\/ -->\n<title>\u00dcber uns - Restavraciji PAVEL &amp; PAVEL 2<\/title>\n<meta name=\"robots\" content=\"index, follow, max-snippet:-1, max-image-preview:large, max-video-preview:-1\" \/>\n<link rel=\"canonical\" href=\"https:\/\/pavelpiran.com\/de\/uber-uns\/\" \/>\n<meta property=\"og:locale\" content=\"de_DE\" \/>\n<meta property=\"og:type\" content=\"article\" \/>\n<meta property=\"og:title\" content=\"\u00dcber uns - Restavraciji PAVEL &amp; PAVEL 2\" \/>\n<meta property=\"og:description\" content=\"\u00dcber uns Restaurant Pavel Restaurant Pavel Piran\u00a0&#8211; wir befinden uns im wunderbaren, ummauerten Mediterraner St\u00e4dtchen Piran. Im Jahr 1692 wurde hier der ber\u00fchmte Geiger und Komponist Giuseppe Tartini geboren. An der K\u00fcste von Piran in einmaliger N\u00e4he des Meeres befinden sich eins neben der anderen die zwei Familienrestaurants PAVEL in PAVEL 2. Wir bieten Ihnen&hellip;\" \/>\n<meta property=\"og:url\" content=\"https:\/\/pavelpiran.com\/de\/uber-uns\/\" \/>\n<meta property=\"og:site_name\" content=\"Restavraciji PAVEL &amp; PAVEL 2\" \/>\n<meta property=\"article:modified_time\" content=\"2020-07-23T10:17:20+00:00\" \/>\n<meta property=\"og:image\" content=\"https:\/\/pavelpiran.com\/wp-content\/uploads\/2019\/09\/b24612ae-466b-4876-88c8-622e28a6858d.jpg\" \/>\n<meta name=\"twitter:card\" content=\"summary_large_image\" \/>\n<meta name=\"twitter:label1\" content=\"Gesch\u00e4tzte Lesezeit\" \/>\n\t<meta name=\"twitter:data1\" content=\"1 Minute\" \/>\n<script type=\"application\/ld+json\" class=\"yoast-schema-graph\">{\"@context\":\"https:\/\/schema.org\",\"@graph\":[{\"@type\":\"WebPage\",\"@id\":\"https:\/\/pavelpiran.com\/de\/uber-uns\/\",\"url\":\"https:\/\/pavelpiran.com\/de\/uber-uns\/\",\"name\":\"\u00dcber uns - Restavraciji PAVEL &amp; PAVEL 2\",\"isPartOf\":{\"@id\":\"https:\/\/pavelpiran.com\/#website\"},\"datePublished\":\"2019-12-12T17:13:20+00:00\",\"dateModified\":\"2020-07-23T10:17:20+00:00\",\"breadcrumb\":{\"@id\":\"https:\/\/pavelpiran.com\/de\/uber-uns\/#breadcrumb\"},\"inLanguage\":\"de-DE\",\"potentialAction\":[{\"@type\":\"ReadAction\",\"target\":[\"https:\/\/pavelpiran.com\/de\/uber-uns\/\"]}]},{\"@type\":\"BreadcrumbList\",\"@id\":\"https:\/\/pavelpiran.com\/de\/uber-uns\/#breadcrumb\",\"itemListElement\":[{\"@type\":\"ListItem\",\"position\":1,\"name\":\"Home\",\"item\":\"https:\/\/pavelpiran.com\/de\/\"},{\"@type\":\"ListItem\",\"position\":2,\"name\":\"\u00dcber uns\"}]},{\"@type\":\"WebSite\",\"@id\":\"https:\/\/pavelpiran.com\/#website\",\"url\":\"https:\/\/pavelpiran.com\/\",\"name\":\"Restavraciji PAVEL &amp; PAVEL 2\",\"description\":\"\",\"potentialAction\":[{\"@type\":\"SearchAction\",\"target\":{\"@type\":\"EntryPoint\",\"urlTemplate\":\"https:\/\/pavelpiran.com\/?s={search_term_string}\"},\"query-input\":\"required name=search_term_string\"}],\"inLanguage\":\"de-DE\"}]}<\/script>\n<!-- \/ Yoast SEO plugin. -->","yoast_head_json":{"title":"\u00dcber uns - Restavraciji PAVEL &amp; PAVEL 2","robots":{"index":"index","follow":"follow","max-snippet":"max-snippet:-1","max-image-preview":"max-image-preview:large","max-video-preview":"max-video-preview:-1"},"canonical":"https:\/\/pavelpiran.com\/de\/uber-uns\/","og_locale":"de_DE","og_type":"article","og_title":"\u00dcber uns - Restavraciji PAVEL &amp; PAVEL 2","og_description":"\u00dcber uns Restaurant Pavel Restaurant Pavel Piran\u00a0&#8211; wir befinden uns im wunderbaren, ummauerten Mediterraner St\u00e4dtchen Piran. Im Jahr 1692 wurde hier der ber\u00fchmte Geiger und Komponist Giuseppe Tartini geboren. An der K\u00fcste von Piran in einmaliger N\u00e4he des Meeres befinden sich eins neben der anderen die zwei Familienrestaurants PAVEL in PAVEL 2. Wir bieten Ihnen&hellip;","og_url":"https:\/\/pavelpiran.com\/de\/uber-uns\/","og_site_name":"Restavraciji PAVEL &amp; PAVEL 2","article_modified_time":"2020-07-23T10:17:20+00:00","og_image":[{"url":"https:\/\/pavelpiran.com\/wp-content\/uploads\/2019\/09\/b24612ae-466b-4876-88c8-622e28a6858d.jpg"}],"twitter_card":"summary_large_image","twitter_misc":{"Gesch\u00e4tzte Lesezeit":"1 Minute"},"schema":{"@context":"https:\/\/schema.org","@graph":[{"@type":"WebPage","@id":"https:\/\/pavelpiran.com\/de\/uber-uns\/","url":"https:\/\/pavelpiran.com\/de\/uber-uns\/","name":"\u00dcber uns - Restavraciji PAVEL &amp; PAVEL 2","isPartOf":{"@id":"https:\/\/pavelpiran.com\/#website"},"datePublished":"2019-12-12T17:13:20+00:00","dateModified":"2020-07-23T10:17:20+00:00","breadcrumb":{"@id":"https:\/\/pavelpiran.com\/de\/uber-uns\/#breadcrumb"},"inLanguage":"de-DE","potentialAction":[{"@type":"ReadAction","target":["https:\/\/pavelpiran.com\/de\/uber-uns\/"]}]},{"@type":"BreadcrumbList","@id":"https:\/\/pavelpiran.com\/de\/uber-uns\/#breadcrumb","itemListElement":[{"@type":"ListItem","position":1,"name":"Home","item":"https:\/\/pavelpiran.com\/de\/"},{"@type":"ListItem","position":2,"name":"\u00dcber uns"}]},{"@type":"WebSite","@id":"https:\/\/pavelpiran.com\/#website","url":"https:\/\/pavelpiran.com\/","name":"Restavraciji PAVEL &amp; PAVEL 2","description":"","potentialAction":[{"@type":"SearchAction","target":{"@type":"EntryPoint","urlTemplate":"https:\/\/pavelpiran.com\/?s={search_term_string}"},"query-input":"required name=search_term_string"}],"inLanguage":"de-DE"}]}},"_links":{"self":[{"href":"https:\/\/pavelpiran.com\/de\/wp-json\/wp\/v2\/pages\/137"}],"collection":[{"href":"https:\/\/pavelpiran.com\/de\/wp-json\/wp\/v2\/pages"}],"about":[{"href":"https:\/\/pavelpiran.com\/de\/wp-json\/wp\/v2\/types\/page"}],"author":[{"embeddable":true,"href":"https:\/\/pavelpiran.com\/de\/wp-json\/wp\/v2\/users\/1"}],"replies":[{"embeddable":true,"href":"https:\/\/pavelpiran.com\/de\/wp-json\/wp\/v2\/comments?post=137"}],"version-history":[{"count":4,"href":"https:\/\/pavelpiran.com\/de\/wp-json\/wp\/v2\/pages\/137\/revisions"}],"predecessor-version":[{"id":260,"href":"https:\/\/pavelpiran.com\/de\/wp-json\/wp\/v2\/pages\/137\/revisions\/260"}],"wp:attachment":[{"href":"https:\/\/pavelpiran.com\/de\/wp-json\/wp\/v2\/media?parent=137"}],"curies":[{"name":"wp","href":"https:\/\/api.w.org\/{rel}","templated":true}]}}